{"id":28,"date":"2016-09-28T00:00:00","date_gmt":"2016-09-27T22:00:00","guid":{"rendered":"http:\/\/pricetornado.com\/da\/information\/vilkaar-for-anvendelse\/"},"modified":"2016-09-28T00:00:00","modified_gmt":"2016-09-27T22:00:00","slug":"vilkaar-for-anvendelse","status":"publish","type":"page","link":"https:\/\/www.pricetornado.com\/da\/information\/vilkaar-for-anvendelse\/","title":{"rendered":"Vilk\u00e5r for anvendelse"},"content":{"rendered":"<h3 style=\"text-align: center;\"><span style=\"text-decoration: underline;\"><strong>VILK\u00c5R FOR ANVENDELSE<\/strong><\/span><\/h3>\n<p><strong>Ansvarsfraskrivelse:<\/strong><\/p>\n<p>Priser og informationer som vist p\u00e5 PriceTornado.com kommer fra 3. part.<\/p>\n<p>PriceTornado.com opdaterer, redigerer, \u00e6ndrer eller sletter en gang imellem indholdet uden yderligere advarsel.<\/p>\n<p>PriceTornado.com er ikke ansvarlig vedr. forsinkelser p\u00e5 svartider og evt. ukorrekt information der m\u00e5tte v\u00e6re udgivet p\u00e5 portalen.<\/p>\n<p>Benyttelse og brugen af vores portal er under eget ansvar. PriceTornado.com og vores partnere med forbindelse til portalen kan ikke g\u00f8res ansvarlig, indirekte eller direkte, overfor bes\u00f8gende, brugere og andre i forbindelse med benyttelse af vores portal heller ikke hvad ang\u00e5r utilsigtede eller evt. konsekvente \u00f8del\u00e6ggelser.<\/p>\n<p><strong>Varem\u00e6rker:<\/strong><\/p>\n<p>Alle video klips og grafik p\u00e5 vores pris portal er servicem\u00e6rker, varem\u00e6rker, eller &#8216;trade dress&#8217; fra PriceTornado.com.<\/p>\n<p>Alle andre varem\u00e6rker som findes p\u00e5 PriceTornado.com ejes af dets respektive ejere.<\/p>\n<p><strong>Konto:<\/strong><\/p>\n<p>Ved at oprette en konto p\u00e5 PriceTornado.com accepterer du disse regler og tillader samtidig at vi m\u00e5 sende e-mails til dig med diverse tilbud samt information om PriceTornado.<\/p>\n<p><strong>Copyright:<\/strong><\/p>\n<p>Alt grafik, video, webdesign, lyd, tekst, data, og software.<\/p>\n<p>Copyright PriceTornado.com All rights reserved.<\/p>\n<p><strong>Sp\u00f8rgsm\u00e5l:<\/strong><\/p>\n<p>Du altid velkommen til at <a title=\"Kontakt\" href=\"http:\/\/pricetornado.com\/da\/kontakt\/\">kontakte os<\/a>, hvis du har sp\u00f8rgsm\u00e5l!<\/p>\n","protected":false},"excerpt":{"rendered":"<p>VILK\u00c5R FOR ANVENDELSE Ansvarsfraskrivelse: Priser og informationer som vist p\u00e5 PriceTornado.com kommer fra 3. part. PriceTornado.com opdaterer, redigerer, \u00e6ndrer eller sletter en gang imellem indholdet uden yderligere advarsel. PriceTornado.com er ikke ansvarlig vedr. forsinkelser p\u00e5 svartider og evt. ukorrekt information der m\u00e5tte v\u00e6re udgivet p\u00e5 portalen. Benyttelse og brugen af vores portal er under eget [&hellip;]<\/p>\n","protected":false},"author":1,"featured_media":0,"parent":25,"menu_order":0,"comment_status":"open","ping_status":"open","template":"","meta":{"footnotes":""},"class_list":["post-28","page","type-page","status-publish","hentry"],"_links":{"self":[{"href":"https:\/\/www.pricetornado.com\/da\/wp-json\/wp\/v2\/pages\/28","targetHints":{"allow":["GET"]}}],"collection":[{"href":"https:\/\/www.pricetornado.com\/da\/wp-json\/wp\/v2\/pages"}],"about":[{"href":"https:\/\/www.pricetornado.com\/da\/wp-json\/wp\/v2\/types\/page"}],"author":[{"embeddable":true,"href":"https:\/\/www.pricetornado.com\/da\/wp-json\/wp\/v2\/users\/1"}],"replies":[{"embeddable":true,"href":"https:\/\/www.pricetornado.com\/da\/wp-json\/wp\/v2\/comments?post=28"}],"version-history":[{"count":0,"href":"https:\/\/www.pricetornado.com\/da\/wp-json\/wp\/v2\/pages\/28\/revisions"}],"up":[{"embeddable":true,"href":"https:\/\/www.pricetornado.com\/da\/wp-json\/wp\/v2\/pages\/25"}],"wp:attachment":[{"href":"https:\/\/www.pricetornado.com\/da\/wp-json\/wp\/v2\/media?parent=28"}],"curies":[{"name":"wp","href":"https:\/\/api.w.org\/{rel}","templated":true}]}}