{"id":27,"date":"2016-09-28T00:00:00","date_gmt":"2016-09-27T22:00:00","guid":{"rendered":"http:\/\/pricetornado.com\/da\/information\/om-pricetornado-com\/"},"modified":"2018-04-30T11:38:56","modified_gmt":"2018-04-30T09:38:56","slug":"om-pricetornado-com","status":"publish","type":"page","link":"https:\/\/www.pricetornado.com\/da\/information\/om-pricetornado-com\/","title":{"rendered":"Om PriceTornado.com"},"content":{"rendered":"<p>PriceTornado.com er moderne gratis prissammenligningsportal, med mange nyttige og unikke brugervenlige funktioner, som ikke er set hos andre lignende prissammenligningsportaler.<\/p>\n<p>Alle priser vist p\u00e5 vores hjemmeside er realtime pr\u00e6cise og opdateret, eftersom de opdateres\u00a0 b\u00e5de hver 30 minutter af vores prisrobot, og i det \u00f8jeblik n\u00e5r en bruger indl\u00e6sser\/ \u00e5bner et produkt side.<br \/>\nDer er bl.a. mulighed for brugere at oprette gratis prisfald alarm, og s\u00e5 snart et produkt pris falder, bliver det automatisk sendt en e-mail advisering om det til brugeren, som er tilmeldt til det.<\/p>\n<p>Moderne og brugervenlige udseende giver til bes\u00f8gende en god oplevelse, og fantastisk overblik over produkter, priser, prisudvikling&#8230; osv.<\/p>\n<p>PriceTornado.com s\u00e6lger ikke nogen af de tilbud vi viser.<\/p>\n<p>Vi er simpelthen en s\u00f8gemaskine, hvilket betyder, at vi s\u00f8ger andre tilbud sider, for at finde dig de bedste tilbud. N\u00e5r du finder et tilbud, du s\u00e5 p\u00e5 PriceTornado.com, vi faktisk videresender dig til det enkelte tilbud websted, hvor du ender med at k\u00f8be handlen. Det er meget lig Google.com<\/p>\n<p><strong>Location<\/strong><\/p>\n<p>Vi yder vores service i Danmark, samt Skandinavien her:<br \/>\n<a href=\"http:\/\/pricetornado.com\/da\/\" target=\"_blank\" rel=\"noopener\">http:\/\/pricetornado.com\/da\/<\/a><\/p>\n<p>USA og world vide her:<br \/>\n<a href=\"https:\/\/www.pricetornado.com\/en\/\" target=\"_blank\" rel=\"noopener\">https:\/\/www.pricetornado.com\/en\/<\/a>\u00a0(under opbygning)<\/p>\n","protected":false},"excerpt":{"rendered":"<p>PriceTornado.com er moderne gratis prissammenligningsportal, med mange nyttige og unikke brugervenlige funktioner, som ikke er set hos andre lignende prissammenligningsportaler. Alle priser vist p\u00e5 vores hjemmeside er realtime pr\u00e6cise og opdateret, eftersom de opdateres\u00a0 b\u00e5de hver 30 minutter af vores prisrobot, og i det \u00f8jeblik n\u00e5r en bruger indl\u00e6sser\/ \u00e5bner et produkt side. Der er [&hellip;]<\/p>\n","protected":false},"author":1,"featured_media":0,"parent":25,"menu_order":0,"comment_status":"open","ping_status":"open","template":"","meta":{"footnotes":""},"class_list":["post-27","page","type-page","status-publish","hentry"],"_links":{"self":[{"href":"https:\/\/www.pricetornado.com\/da\/wp-json\/wp\/v2\/pages\/27","targetHints":{"allow":["GET"]}}],"collection":[{"href":"https:\/\/www.pricetornado.com\/da\/wp-json\/wp\/v2\/pages"}],"about":[{"href":"https:\/\/www.pricetornado.com\/da\/wp-json\/wp\/v2\/types\/page"}],"author":[{"embeddable":true,"href":"https:\/\/www.pricetornado.com\/da\/wp-json\/wp\/v2\/users\/1"}],"replies":[{"embeddable":true,"href":"https:\/\/www.pricetornado.com\/da\/wp-json\/wp\/v2\/comments?post=27"}],"version-history":[{"count":0,"href":"https:\/\/www.pricetornado.com\/da\/wp-json\/wp\/v2\/pages\/27\/revisions"}],"up":[{"embeddable":true,"href":"https:\/\/www.pricetornado.com\/da\/wp-json\/wp\/v2\/pages\/25"}],"wp:attachment":[{"href":"https:\/\/www.pricetornado.com\/da\/wp-json\/wp\/v2\/media?parent=27"}],"curies":[{"name":"wp","href":"https:\/\/api.w.org\/{rel}","templated":true}]}}